{"id":3,"date":"2025-12-27T15:41:18","date_gmt":"2025-12-27T15:41:18","guid":{"rendered":"http:\/\/www.visagehumain.com\/?page_id=3"},"modified":"2025-12-31T12:40:44","modified_gmt":"2025-12-31T10:40:44","slug":"privacy-policy","status":"publish","type":"page","link":"https:\/\/www.visagehumain.com\/index.php\/privacy-policy\/","title":{"rendered":"Politique de confidentialit\u00e9"},"content":{"rendered":"\n<p><strong>Derni\u00e8re modification : 31\/12\/2025<\/strong><\/p>\n\n\n\n<h2 class=\"wp-block-heading\">Introduction<\/h2>\n\n\n\n<ol style=\"list-style-type:upper-alpha\" class=\"wp-block-list\">\n<li><\/li>\n<\/ol>\n\n\n\n<ul class=\"wp-block-list\">\n<li>Le PROJET VISAGE HUMAIN<\/li>\n\n\n\n<li>Port\u00e9 par Yann Lohr<\/li>\n\n\n\n<li>H\u00e9berg\u00e9 par la soci\u00e9t\u00e9 CDE PETRAPATRIMONIA,  sise 5 rue Picot, Le Caroussel, B\u00e2timent B, \u00e0 Toulon &#8211; 83000<\/li>\n<\/ul>\n\n\n\n<p>s&#8217;engage \u00e0 collecter vos donn\u00e9es de mani\u00e8re l\u00e9gale, \u00e9quitable et transparente. Cette politique r\u00e9git la collecte de donn\u00e9es par nous-m\u00eames et nos soci\u00e9t\u00e9s affili\u00e9es pour les services en ligne que nous utilisons (collectivement la \u00ab Soci\u00e9t\u00e9 \u00bb) lorsque vous utilisez nos produits, services, logiciels et site web (collectivement les \u00ab Services \u00bb).<\/p>\n\n\n\n<p>Elle a \u00e9t\u00e9 r\u00e9dig\u00e9e pour vous aider \u00e0 comprendre les types d&#8217;informations que nous collectons aupr\u00e8s de vous, comment nous les utilisons, ainsi que la mani\u00e8re dont nous les partageons, les stockons et les prot\u00e9geons.<\/p>\n\n\n\n<p>Si vous n&#8217;acceptez pas cette politique, vous ne devez pas utiliser nos Services.<\/p>\n\n\n\n<p>En acc\u00e9dant \u00e0 nos Services ou en les utilisant, vous acceptez cette politique, qui peut \u00eatre modifi\u00e9e de temps \u00e0 autre pour mieux refl\u00e9ter nos pratiques et les lois applicables. Votre utilisation continue apr\u00e8s que nous ayons apport\u00e9 des modifications est consid\u00e9r\u00e9e comme une acceptation de ces changements.<\/p>\n\n\n\n<p>REMARQUES PRELIMINAIRES&nbsp;: nos services sont destin\u00e9s aux professionnels<\/p>\n\n\n\n<ul class=\"wp-block-list\">\n<li>Nos Services ne sont destin\u00e9s ni aux personnes mineures<\/li>\n\n\n\n<li>Ni aux particuliers<\/li>\n<\/ul>\n\n\n\n<h2 class=\"wp-block-heading\">Type d&#8217;informations que nous collectons<\/h2>\n\n\n\n<p>Notre entreprise enregistr\u00e9e l\u00e9galement en France, respecte les obligations en mati\u00e8re de protection des donn\u00e9es personnelles (RGPD) telles qu\u2019\u00e9nonc\u00e9es par exemple ici&nbsp;: https:\/\/entreprendre.service-public.gouv.fr\/vosdroits\/F24270<\/p>\n\n\n\n<p>Nous collectons des informations si vous nous les fournissez volontairement. Par exemple, si vous vous inscrivez \u00e0 nos Services, vous pourriez nous communiquer votre nom et votre adresse e-mail. Vous pourriez \u00e9galement nous donner des donn\u00e9es lorsque vous nous envoyez un e-mail ou nous faites part de vos commentaires. De plus, vous pouvez soumettre des informations en ligne via des sondages, des formulaires, des portails ou d&#8217;autres activit\u00e9s interactives sur notre site web, ainsi que des d\u00e9tails sur les transactions que vous effectuez via notre site web. C&#8217;est toujours votre choix de fournir ou non des donn\u00e9es personnelles. Ne fournissez pas de donn\u00e9es personnelles \u00e0 moins que vous ne soyez autoris\u00e9 \u00e0 le faire.<\/p>\n\n\n\n<p>Nous pouvons collecter les informations suivantes directement aupr\u00e8s de vous :<\/p>\n\n\n\n<p>\u2022 des informations pouvant \u00eatre personnellement identifi\u00e9es, telles que le nom, l&#8217;adresse e-mail et tout autre identifiant par lequel vous pouvez \u00eatre contact\u00e9 en ligne ou hors ligne (\u00ab informations personnelles \u00bb) ;<br>\u2022 des informations qui vous concernent mais qui ne vous identifient pas individuellement ; et\/ou<br>\u2022 des informations sur la fa\u00e7on dont vous interagissez avec notre site web, telles que votre connexion Internet ou l&#8217;\u00e9quipement que vous utilisez pour acc\u00e9der aux Services.<\/p>\n\n\n\n<p>Cette politique ne s&#8217;applique pas aux sites tiers qui peuvent contenir des liens vers notre site ou \u00eatre accessibles depuis celui-ci. Nous ne contr\u00f4lons pas les technologies de suivi de ces tiers ni la mani\u00e8re dont elles peuvent \u00eatre utilis\u00e9es. Vos interactions avec ces sites sont r\u00e9gies par les d\u00e9clarations de confidentialit\u00e9 applicables de ces tiers. Si vous avez des questions concernant ces sites, vous devez contacter directement le fournisseur responsable.<\/p>\n\n\n\n<p>Nous pouvons \u00e9galement collecter des informations automatiquement :<\/p>\n\n\n\n<ul class=\"wp-block-list\">\n<li>Lorsque vous interagissez avec notre site web, nous pouvons utiliser des technologies de collecte automatique de donn\u00e9es (cookies) pour recueillir certaines informations sur votre \u00e9quipement, vos actions de navigation et vos habitudes, notamment : des d\u00e9tails sur vos visites sur notre site web et des informations sur votre ordinateur et votre connexion Internet. Les informations que nous collectons automatiquement n&#8217;incluent pas d&#8217;informations personnelles.<\/li>\n\n\n\n<li>Les technologies que nous utilisons pour cette collecte automatique de donn\u00e9es peuvent inclure des cookies. Vous pouvez refuser d&#8217;accepter les cookies du navigateur en activant le param\u00e8tre appropri\u00e9 sur votre navigateur, mais si vous le faites, vous pourriez ne pas pouvoir acc\u00e9der \u00e0 certaines parties de notre site web. \u00c0 moins que vous n&#8217;ayez ajust\u00e9 les param\u00e8tres de votre navigateur pour qu&#8217;il refuse les cookies, notre syst\u00e8me \u00e9mettra des cookies lorsque vous dirigerez votre navigateur vers nous.<\/li>\n<\/ul>\n\n\n\n<ul class=\"wp-block-list\">\n<li><\/li>\n<\/ul>\n\n\n\n<h2 class=\"wp-block-heading\">Comment nous utilisons vos informations<\/h2>\n\n\n\n<p>Nous utilisons les informations que nous collectons \u00e0 votre sujet ou que vous nous fournissez, y compris les informations personnelles&nbsp;:<\/p>\n\n\n\n<ul class=\"wp-block-list\">\n<li>pour vous pr\u00e9senter nos Services\u00a0;<\/li>\n\n\n\n<li>pour vous fournir des informations, produits ou services que vous nous demandez ;<\/li>\n\n\n\n<li>pour r\u00e9aliser tout autre objectif pour lequel vous les fournissez ;<\/li>\n\n\n\n<li>pour vous fournir des avis concernant votre compte\/abonnement, y compris les avis d&#8217;expiration et de renouvellement ;<\/li>\n\n\n\n<li>pour ex\u00e9cuter nos obligations et faire valoir nos droits d\u00e9coulant de tout contrat conclu entre vous et nous, y compris pour la facturation et le recouvrement ;<\/li>\n\n\n\n<li>pour nous conformer aux obligations l\u00e9gales ; ou pour tout autre objectif avec votre consentement.<\/li>\n<\/ul>\n\n\n\n<p>Si vous \u00eates un r\u00e9sident de l&#8217;Union Europ\u00e9enne, nous collecterons et utiliserons vos donn\u00e9es personnelles uniquement si nous disposons d&#8217;une ou plusieurs bases l\u00e9gales pour le faire en vertu du RGPD. Cela signifie que nous collectons et utilisons vos donn\u00e9es personnelles uniquement lorsque vous avez donn\u00e9 votre consentement pour un ou plusieurs objectifs sp\u00e9cifiques ; cela est n\u00e9cessaire pour nos int\u00e9r\u00eats l\u00e9gitimes (ou ceux d&#8217;un tiers) et vos int\u00e9r\u00eats et droits fondamentaux ne pr\u00e9valent pas sur ces int\u00e9r\u00eats ; cela est n\u00e9cessaire pour prot\u00e9ger les int\u00e9r\u00eats vitaux de vous-m\u00eame ou d&#8217;une autre personne physique ; ou cela est n\u00e9cessaire pour se conformer \u00e0 une obligation l\u00e9gale.<\/p>\n\n\n\n<h2 class=\"wp-block-heading\">Avec qui nous partageons vos informations<\/h2>\n\n\n\n<ul class=\"wp-block-list\">\n<li>Nous pouvons partager des informations agr\u00e9g\u00e9es concernant nos utilisateurs, ainsi que des informations sans qu\u2019elles permettent de vous identifier en tant qu\u2019individu.<\/li>\n\n\n\n<li>Nous ne partageons les donn\u00e9es de type \u00ab\u00a0nom\u00a0\u00bb et \u00ab\u00a0adresse \u00e9lectronique \u00bb qu\u2019\u00e0 nos fournisseurs professionnels\u00a0(comme Clickfunnels et Getresponse)\u00a0:<\/li>\n\n\n\n<li>de base de donn\u00e9es en ligne<\/li>\n\n\n\n<li>d\u2019envoi d\u2019emails<\/li>\n\n\n\n<li>Nous ne vendons ni transmettons jamais vos donn\u00e9es \u00e0 des entreprises tiers pour leur propre usage commercial<\/li>\n\n\n\n<li>Nous pouvons transmettre ces informations que vous fournissez comme d\u00e9crit dans cette politique aux membres de notre \u00e9quipe, nos agents, ou filiales et soci\u00e9t\u00e9s affili\u00e9es qui ont un besoin technique de les conna\u00eetre ; aux contractants, prestataires de services et autres tiers que nous utilisons pour soutenir notre activit\u00e9 ; \u00e0 un acheteur ou autre successeur en cas de fusion, cession, restructuration, r\u00e9organisation, dissolution ou autre vente ou transfert de tout ou partie des actifs de la Soci\u00e9t\u00e9 ; pour r\u00e9aliser l&#8217;objectif pour lequel vous les fournissez ; pour tout autre objectif divulgu\u00e9 par nous lorsque vous fournissez les informations ; et\/ou avec votre consentement.<\/li>\n\n\n\n<li>Nous pouvons \u00e9galement transmettre vos informations personnelles : pour nous conformer \u00e0 toute ordonnance judiciaire, loi ou proc\u00e9dure judiciaire, y compris pour r\u00e9pondre \u00e0 toute demande gouvernementale ou r\u00e9glementaire ; et\/ou pour faire appliquer nos conditions d&#8217;utilisation et autres accords, y compris \u00e0 des fins de facturation et de recouvrement. Si nous estimons que la transmission est n\u00e9cessaire ou appropri\u00e9e pour prot\u00e9ger les droits, la propri\u00e9t\u00e9 ou la s\u00e9curit\u00e9 de la Soci\u00e9t\u00e9, de nos clients ou d&#8217;autres personnes.<\/li>\n<\/ul>\n\n\n\n<p>En r\u00e9sum\u00e9, nous n\u2019utilisons vos donn\u00e9es que pour \u00eatre capables de vous adresser personnellement un email de contact, comme il est convenu sur la page de contact que vous remplissez pour nous demander de vous adresser une information. Hors de ce propos, nous ne transmettons aucune donn\u00e9e \u00e0 des entreprises externes.<\/p>\n\n\n\n<h2 class=\"wp-block-heading\">Comment nous prot\u00e9geons vos informations personnelles<\/h2>\n\n\n\n<p>Tout d&#8217;abord, <strong>nous ne divulguons jamais vos informations dans un but commercial.<\/strong><\/p>\n\n\n\n<p>Nous pouvons stocker vos donn\u00e9es personnelles dans n&#8217;importe quelle r\u00e9gion ou dans n&#8217;importe quel pays o\u00f9 nous ou nos prestataires de services avons des installations.<\/p>\n\n\n\n<p>Nous mettons en \u0153uvre des processus raisonnables et adh\u00e9rons aux meilleures pratiques afin de prot\u00e9ger vos Informations Personnelles contre toute perte accidentelle et contre tout acc\u00e8s, utilisation, alt\u00e9ration et divulgation non autoris\u00e9s.<\/p>\n\n\n\n<p>Comme nous le rappellent les cas de cyberattaques,&nbsp;du site du gouvernement, <a href=\"https:\/\/www.cybermalveillance.gouv.fr\/tous-nos-contenus\/actualites\/etude-maturite-cyber-tpe-pme-2025\">https:\/\/www.cybermalveillance.gouv.fr\/tous-nos-contenus\/actualites\/etude-maturite-cyber-tpe-pme-2025<\/a>,<\/p>\n\n\n\n<p>la transmission d&#8217;informations via Internet n&#8217;est pas totalement s\u00e9curis\u00e9e. Nous ferons de notre mieux pour prot\u00e9ger vos informations personnelles, mais nous ne pouvons pas garantir la s\u00e9curit\u00e9 de vos informations personnelles transmises \u00e0 notre site web. Toute transmission d&#8217;informations personnelles se fait \u00e0 vos propres risques. Nous ne sommes pas responsables du contournement des param\u00e8tres de confidentialit\u00e9 ou des mesures de s\u00e9curit\u00e9 contenus sur le site web. Nous conserverons vos donn\u00e9es personnelles uniquement jusqu&#8217;\u00e0 ce qu&#8217;elles ne soient plus n\u00e9cessaires pour r\u00e9aliser le(s) objectif(s) pour lequel (lesquels) elles ont \u00e9t\u00e9 collect\u00e9es ou selon ce qui est requis ou autoris\u00e9 par la loi ; \u00e0 ce moment-l\u00e0, elles seront anonymis\u00e9es, supprim\u00e9es ou isol\u00e9es.<\/p>\n\n\n\n<ul class=\"wp-block-list\">\n<li><\/li>\n<\/ul>\n\n\n\n<h2 class=\"wp-block-heading\">Acc\u00e8s et correction de vos informations<\/h2>\n\n\n\n<p>Vous pouvez demander \u00e0 acc\u00e9der, corriger ou supprimer toute information personnelle que vous nous avez fournie en nous contactant \u00e0&nbsp;:<\/p>\n\n\n\n<p>&nbsp;<a href=\"mailto:yann@visagehumain.com\">yann@visagehumain.com<\/a>.<\/p>\n\n\n\n<p>Nous pourrions ne pas satisfaire une demande de modification d&#8217;informations si nous estimons que la modification violerait une loi ou une exigence l\u00e9gale ou rendrait l&#8217;information incorrecte. Dans ce cas, nous vous informerions explicitement des enjeux l\u00e9gaux en vigueur.<\/p>\n\n\n\n<h2 class=\"wp-block-heading\">Comment nous contacter<\/h2>\n\n\n\n<ul class=\"wp-block-list\">\n<li><\/li>\n<\/ul>\n\n\n\n<p>Pour poser des questions ou commenter cette politique de confidentialit\u00e9 et nos pratiques en mati\u00e8re de confidentialit\u00e9, contactez-nous \u00e0&nbsp;:<\/p>\n\n\n\n<p>Par email&nbsp;: <a href=\"mailto:yann@visagehumain.com\">yann@visagehumain.com<\/a> Par courrier&nbsp;: Projet Visage Humain&nbsp;; CDE Petra Patrimonia, 5 rue Picot, 83000 TOULON<\/p>\n","protected":false},"excerpt":{"rendered":"<p>Derni\u00e8re modification : 31\/12\/2025 Introduction s&#8217;engage \u00e0 collecter vos donn\u00e9es de mani\u00e8re l\u00e9gale, \u00e9quitable et transparente. Cette politique r\u00e9git la collecte de donn\u00e9es par nous-m\u00eames et nos soci\u00e9t\u00e9s affili\u00e9es pour les services en ligne que nous utilisons (collectivement la \u00ab Soci\u00e9t\u00e9 \u00bb) lorsque vous utilisez nos produits, services, logiciels et site web (collectivement les \u00ab [&hellip;]<\/p>\n","protected":false},"author":1,"featured_media":0,"parent":0,"menu_order":0,"comment_status":"closed","ping_status":"open","template":"","meta":{"footnotes":""},"class_list":["post-3","page","type-page","status-publish","hentry"],"_links":{"self":[{"href":"https:\/\/www.visagehumain.com\/index.php\/wp-json\/wp\/v2\/pages\/3","targetHints":{"allow":["GET"]}}],"collection":[{"href":"https:\/\/www.visagehumain.com\/index.php\/wp-json\/wp\/v2\/pages"}],"about":[{"href":"https:\/\/www.visagehumain.com\/index.php\/wp-json\/wp\/v2\/types\/page"}],"author":[{"embeddable":true,"href":"https:\/\/www.visagehumain.com\/index.php\/wp-json\/wp\/v2\/users\/1"}],"replies":[{"embeddable":true,"href":"https:\/\/www.visagehumain.com\/index.php\/wp-json\/wp\/v2\/comments?post=3"}],"version-history":[{"count":3,"href":"https:\/\/www.visagehumain.com\/index.php\/wp-json\/wp\/v2\/pages\/3\/revisions"}],"predecessor-version":[{"id":21,"href":"https:\/\/www.visagehumain.com\/index.php\/wp-json\/wp\/v2\/pages\/3\/revisions\/21"}],"wp:attachment":[{"href":"https:\/\/www.visagehumain.com\/index.php\/wp-json\/wp\/v2\/media?parent=3"}],"curies":[{"name":"wp","href":"https:\/\/api.w.org\/{rel}","templated":true}]}}