{"id":24,"date":"2025-12-31T12:58:00","date_gmt":"2025-12-31T10:58:00","guid":{"rendered":"https:\/\/www.visagehumain.com\/?page_id=24"},"modified":"2025-12-31T12:58:00","modified_gmt":"2025-12-31T10:58:00","slug":"mentions-legales","status":"publish","type":"page","link":"https:\/\/www.visagehumain.com\/index.php\/mentions-legales\/","title":{"rendered":"Mentions l\u00e9gales"},"content":{"rendered":"\n<p>Conform\u00e9ment aux dispositions de la loi du 21 juin 2004 (LCEN), vous trouverez ci-dessous les informations nous concernant :<\/p>\n\n\n\n<p>Raison sociale\u00a0: PROJET VISAGE HUMAIN (Cape) port\u00e9 par la CDE PETRAPATRIMONIA<\/p>\n\n\n\n<p>SARL SCOP, immatricul\u00e9e au registre du commerce et des soci\u00e9t\u00e9s (RCS) de Toulon sous le num\u00e9ro 530 618 115 et \u00e9tablie au 5 RUE PICOT IMMEUBLE LE CAROUSSEL, BATIMENT B, 83000 TOULON, en France.<\/p>\n\n\n\n<p>Vous pouvez nous contacter \u00e0 l\u2019adresse suivante\u00a0:\u00a0yann@visagehumain.com<\/p>\n\n\n\n<p>Notre num\u00e9ro de TVA intracommunautaire est FR64530618115<\/p>\n\n\n\n<p>Le directeur de la publication du contenu du site est Yann LOHR, en qualit\u00e9 de porteur du projet &#8220;VISAGE HUMAIN&#8221;.<\/p>\n","protected":false},"excerpt":{"rendered":"<p>Conform\u00e9ment aux dispositions de la loi du 21 juin 2004 (LCEN), vous trouverez ci-dessous les informations nous concernant : Raison sociale\u00a0: PROJET VISAGE HUMAIN (Cape) port\u00e9 par la CDE PETRAPATRIMONIA SARL SCOP, immatricul\u00e9e au registre du commerce et des soci\u00e9t\u00e9s (RCS) de Toulon sous le num\u00e9ro 530 618 115 et \u00e9tablie au 5 RUE PICOT [&hellip;]<\/p>\n","protected":false},"author":1,"featured_media":0,"parent":0,"menu_order":0,"comment_status":"closed","ping_status":"closed","template":"","meta":{"footnotes":""},"class_list":["post-24","page","type-page","status-publish","hentry"],"_links":{"self":[{"href":"https:\/\/www.visagehumain.com\/index.php\/wp-json\/wp\/v2\/pages\/24","targetHints":{"allow":["GET"]}}],"collection":[{"href":"https:\/\/www.visagehumain.com\/index.php\/wp-json\/wp\/v2\/pages"}],"about":[{"href":"https:\/\/www.visagehumain.com\/index.php\/wp-json\/wp\/v2\/types\/page"}],"author":[{"embeddable":true,"href":"https:\/\/www.visagehumain.com\/index.php\/wp-json\/wp\/v2\/users\/1"}],"replies":[{"embeddable":true,"href":"https:\/\/www.visagehumain.com\/index.php\/wp-json\/wp\/v2\/comments?post=24"}],"version-history":[{"count":1,"href":"https:\/\/www.visagehumain.com\/index.php\/wp-json\/wp\/v2\/pages\/24\/revisions"}],"predecessor-version":[{"id":25,"href":"https:\/\/www.visagehumain.com\/index.php\/wp-json\/wp\/v2\/pages\/24\/revisions\/25"}],"wp:attachment":[{"href":"https:\/\/www.visagehumain.com\/index.php\/wp-json\/wp\/v2\/media?parent=24"}],"curies":[{"name":"wp","href":"https:\/\/api.w.org\/{rel}","templated":true}]}}